{"id":950,"date":"2024-11-15T16:22:03","date_gmt":"2024-11-15T15:22:03","guid":{"rendered":"https:\/\/arminzoghi.com\/?page_id=950"},"modified":"2025-02-27T15:34:33","modified_gmt":"2025-02-27T14:34:33","slug":"schaufenster","status":"publish","type":"page","link":"https:\/\/arminzoghi.com\/index.php\/schaufenster\/","title":{"rendered":"Schaufenster"},"content":{"rendered":"\n<p>Schaufenster \u00e9tait une exp\u00e9rimentation, une aventure, et un artiste-run space fond\u00e9 sur des principes fondamentaux de respect pour les recherches et productions artistiques, \u00e0 une \u00e9poque o\u00f9 l&rsquo;art \u00e9tait davantage per\u00e7u comme une passion que comme une profession. Nous \u00e9tions accompagn\u00e9\u00b7e\u00b7s par des administrateur\u00b7rice\u00b7s dans notre domaine pour cr\u00e9er ce cadre. Pr\u00e9vue comme une exp\u00e9rience br\u00e8ve, elle s&rsquo;est finalement prolong\u00e9e bien au-del\u00e0 des attentes initiales, gr\u00e2ce \u00e0 leur soutien et leur expertise, plus que cinq ans.<\/p>\n\n\n\n<figure class=\"wp-block-image size-large\"><img fetchpriority=\"high\" decoding=\"async\" width=\"1024\" height=\"577\" src=\"https:\/\/arminzoghi.com\/wp-content\/uploads\/2024\/11\/01-Schaufenster-1024x577.jpg\" alt=\"\" class=\"wp-image-970\" srcset=\"https:\/\/arminzoghi.com\/wp-content\/uploads\/2024\/11\/01-Schaufenster-1024x577.jpg 1024w, https:\/\/arminzoghi.com\/wp-content\/uploads\/2024\/11\/01-Schaufenster-300x169.jpg 300w, https:\/\/arminzoghi.com\/wp-content\/uploads\/2024\/11\/01-Schaufenster-768x433.jpg 768w, https:\/\/arminzoghi.com\/wp-content\/uploads\/2024\/11\/01-Schaufenster.jpg 1337w\" sizes=\"(max-width: 1024px) 100vw, 1024px\" \/><figcaption class=\"wp-element-caption\"><em>Exposition de Capucine Vandebrouck et Ahmet Dogan<\/em><\/figcaption><\/figure>\n\n\n\n<p class=\"has-tiny-font-size\"><br>Un article d&rsquo;Emmanuel Dosda (extrait) :<\/p>\n\n\n\n<p>En cherchant un lieu de stockage, les artistes Florian Tiedij et Armin Zoghi d\u00e9couvrent l&rsquo;espace de la galerie, fin 2009. <br>L&rsquo;endroit s&rsquo;av\u00e9rant inad\u00e9quat pour y entreposer, mais id\u00e9al pour exposer, ils prennent contact avec son propri\u00e9taire, Raymond Muller, par ailleurs tr\u00e8s actif dans la vie culturelle de la ville, et lui proposent d&rsquo;investir cette ancienne \u00e9picerie: une intervention artistique compos\u00e9e d&rsquo;une maquette du lieu (r\u00e9-jouissante mise en ab\u00eeme) et de photographies du duo&#8230; qui d\u00e9sire poursuivre l&rsquo;aventure. En vrai m\u00e9c\u00e8ne, le pr\u00e9sident de l&rsquo;association de la Biblioth\u00e8que humaniste de S\u00e9lestat fait des travaux d&rsquo;am\u00e9nagement et loue son bien pour une somme symbolique. <\/p>\n\n\n\n<p>Apr\u00e8s la fondation du comit\u00e9 de s\u00e9lection et le d\u00e9p\u00f4t des statuts de l&rsquo;association du m\u00eame nom, Schaufenster invente un mode de fonctionnement propre. La galerie se passe de subventions publiques, mais lance un fonds de dotation (le premier en France pour l&rsquo;art contemporain). <br>Un processus se met en place : une carte blanche est propos\u00e9e \u00e0 un artiste qui en convie un second. Des dialogues s&rsquo;instaurent ainsi entre <strong>C\u00e9cile Beau &amp; Mathieu Harel-Vivier, Abraham Poincheval &amp; Jean-Luc Brisson, John Cornu &amp; Benjamin Husson, Marie Prunier et Joseph Kieffer, Antoine Lejolivet et Gr\u00e9gory Cuquel, C\u00e9cile Holveck &amp; Laurent Bechtel<\/strong>&#8230; Titr\u00e9s Entrez, c&rsquo;est ferm\u00e9 ou Dedans. Les artistes-galeristes conversent avec les plasticiens et leur proposent d&rsquo;exp\u00e9rimenter des choses parfois \u00e9loign\u00e9es de leur d\u00e9marche. Et, occasionnellement, techniquement complexes : pour le finissage de <em>Collision \u00e9lastique<\/em>, Antoine Lejolivet a rassembl\u00e9 l&rsquo;ensemble des guirlandes lumineuses de No\u00ebl appartenant \u00e0 la ville afin de composer <em>Big Crunch<\/em>, installation n\u00e9cessitant d&rsquo;importants besoins \u00e9lectriques.<\/p>\n\n\n\n<p>Ici encore, il ne s&rsquo;agissait pas d&rsquo;occuper un mur blanc, mais des vitrines de magasin, c&rsquo;est le parti pris par l&rsquo;\u00e9quipe : les spectateurs, la plupart du temps de simples passants, voient les \u0153uvres depuis la rue. Cette galerie, faisant face au Frac Alsace, accueille des propositions qui int\u00e8grent naturellement cette donn\u00e9e, les badauds \u00e9tant plus nombreux que le public venu express\u00e9ment.<\/p>\n\n\n\n<!DOCTYPE html>\n<html lang=\"en\">\n<head>\n    <meta charset=\"UTF-8\">\n    <meta name=\"viewport\" content=\"width=device-width, initial-scale=1.0\">\n    <title>Responsive Image Gallery<\/title>\n    <!-- Slick CSS -->\n    <link rel=\"stylesheet\" type=\"text\/css\" href=\"https:\/\/cdnjs.cloudflare.com\/ajax\/libs\/slick-carousel\/1.8.1\/slick.min.css\"\/>\n    <link rel=\"stylesheet\" type=\"text\/css\" href=\"https:\/\/cdnjs.cloudflare.com\/ajax\/libs\/slick-carousel\/1.8.1\/slick-theme.min.css\"\/>\n    <style>\n        .image-gallery-container {\n            max-width: 90%; \/* D\u00e9finir la largeur \u00e0 80% *\/\n            margin-left: 0; \/* D\u00e9finir la marge gauche \u00e0 0 *\/\n            margin-right: auto; \/* Centrer horizontalement en fixant la marge droite \u00e0 auto *\/\n            overflow: hidden; \/* Pour \u00e9viter le d\u00e9bordement des \u00e9l\u00e9ments enfants *\/\n        }\n        .image-gallery {\n            max-width: 100%;\n            margin-left: 0; \/* D\u00e9finir la marge gauche \u00e0 0 *\/\n            margin-right: auto; \/* Centrer horizontalement en fixant la marge droite \u00e0 auto *\/\n            overflow: hidden; \/* Pour \u00e9viter le d\u00e9bordement des \u00e9l\u00e9ments enfants *\/\n        }\n        .image-gallery img {\n            width: 100%;\n            height: auto;\n            display: block;\n            position: relative;\n        }\n        .slick-prev, .slick-next {\n            width: 20px;\n            height: 20px;\n            z-index: 2;\n            position: absolute;\n            top: 50%;\n            transform: translateY(-50%);\n        }\n        .slick-prev:before, .slick-next:before {\n            display: none; \/* Cacher les fl\u00e8ches par d\u00e9faut *\/\n        }\n        .slick-prev {\n            left: 10px;\n            border: solid grey;\n            border-width: 0 3px 3px 0;\n            display: inline-block;\n            padding: 5px;\n            transform: rotate(135deg);\n            -webkit-transform: rotate(135deg);\n        }\n        .slick-next {\n            right: 10px;\n            border: solid grey;\n            border-width: 0 3px 3px 0;\n            display: inline-block;\n            padding: 5px;\n            transform: rotate(-45deg);\n            -webkit-transform: rotate(-45deg);\n        \n        }\n    <\/style>\n<\/head>\n<body>\n    <div class=\"image-gallery-container\">\n        <div class=\"image-gallery slick\">\n            <div><img decoding=\"async\" src=\"https:\/\/arminzoghi.com\/wp-content\/uploads\/2024\/11\/02-Schaufenster.jpg\" alt=\"Image 1\"><\/div>\n            <div><img decoding=\"async\" src=\"https:\/\/arminzoghi.com\/wp-content\/uploads\/2024\/11\/03-Schaufenster.jpg\" alt=\"Image 2\"><\/div>\n            <div><img decoding=\"async\" src=\"https:\/\/arminzoghi.com\/wp-content\/uploads\/2024\/11\/04-Schaufenster.jpg\" alt=\"Image 3\"><\/div>\n            <div><img decoding=\"async\" src=\"https:\/\/arminzoghi.com\/wp-content\/uploads\/2024\/11\/05-Schaufenster.jpg\" alt=\"Image 4\"><\/div>\n            <div><img decoding=\"async\" src=\"https:\/\/arminzoghi.com\/wp-content\/uploads\/2024\/11\/06-Schaufenster.jpg\" alt=\"Image 4\"><\/div>\n         \n            \n            \n        <\/div>\n    <\/div>\n\n    <!-- jQuery -->\n    <script src=\"https:\/\/code.jquery.com\/jquery-3.6.0.min.js\"><\/script>\n    <!-- Slick JS -->\n    <script type=\"text\/javascript\" src=\"https:\/\/cdnjs.cloudflare.com\/ajax\/libs\/slick-carousel\/1.8.1\/slick.min.js\"><\/script>\n    <script type=\"text\/javascript\">\n        $(document).ready(function(){\n            $('.image-gallery.slick').slick({\n                autoplay: true,\n                autoplaySpeed: 3000,\n                speed: 1300,\n                arrows: true,\n                dots: false\n            });\n        });\n    <\/script>\n<\/body>\n<\/html>\n\n\n\n<figure class=\"wp-block-pullquote\"><blockquote><p><strong>L\u2019\u00e9quipe de A \u00e0 Z<\/strong><br><br>Mathilde Ehret-Zoghi, Gr\u00e9gory J\u00e9rome, Nathalie Le berre, Claude Le berre, <br> Raymond Muller, Gauthier Sibillat, Anne Sophie Tiedje, Florian Tiedje, Armin Zoghi<strong><br><\/strong><br><strong>Production:<br><\/strong>\u00ab\u00a0Fonds de dotation Interfaces\u00a0\u00bb<br><br><strong>avec le soutien :<\/strong><br>DRAC Grand Est, Ville de Selestat <br>AREA R\u00e9gion Alsace, Eurodistrict<br>+ Cotisations des membres<br><\/p><\/blockquote><\/figure>\n\n\n\n<figure class=\"wp-block-image size-full is-resized has-custom-border is-style-rounded\" style=\"margin-top:0;margin-right:0px;margin-bottom:0;margin-left:0px\"><img decoding=\"async\" width=\"1008\" height=\"463\" src=\"https:\/\/arminzoghi.com\/wp-content\/uploads\/2024\/11\/00-Schaufenster.png\" alt=\"\" class=\"wp-image-975\" style=\"border-style:none;border-width:0px;border-radius:0px;width:378px;height:auto\" srcset=\"https:\/\/arminzoghi.com\/wp-content\/uploads\/2024\/11\/00-Schaufenster.png 1008w, https:\/\/arminzoghi.com\/wp-content\/uploads\/2024\/11\/00-Schaufenster-300x138.png 300w, https:\/\/arminzoghi.com\/wp-content\/uploads\/2024\/11\/00-Schaufenster-768x353.png 768w\" sizes=\"(max-width: 1008px) 100vw, 1008px\" \/><\/figure>\n\n\n\n<p><\/p>\n","protected":false},"excerpt":{"rendered":"<p>Schaufenster \u00e9tait une exp\u00e9rimentation, une aventure, et un artiste-run space fond\u00e9 sur des principes fondamentaux de respect pour les recherches et productions artistiques, \u00e0 une \u00e9poque o\u00f9 l&rsquo;art \u00e9tait davantage per\u00e7u comme une passion que comme une profession. Nous \u00e9tions accompagn\u00e9\u00b7e\u00b7s par des administrateur\u00b7rice\u00b7s dans notre domaine pour cr\u00e9er ce cadre. Pr\u00e9vue comme une exp\u00e9rience [&hellip;]<\/p>\n","protected":false},"author":1,"featured_media":0,"parent":0,"menu_order":0,"comment_status":"closed","ping_status":"closed","template":"","meta":{"footnotes":""},"class_list":["post-950","page","type-page","status-publish","hentry"],"_links":{"self":[{"href":"https:\/\/arminzoghi.com\/index.php\/wp-json\/wp\/v2\/pages\/950","targetHints":{"allow":["GET"]}}],"collection":[{"href":"https:\/\/arminzoghi.com\/index.php\/wp-json\/wp\/v2\/pages"}],"about":[{"href":"https:\/\/arminzoghi.com\/index.php\/wp-json\/wp\/v2\/types\/page"}],"author":[{"embeddable":true,"href":"https:\/\/arminzoghi.com\/index.php\/wp-json\/wp\/v2\/users\/1"}],"replies":[{"embeddable":true,"href":"https:\/\/arminzoghi.com\/index.php\/wp-json\/wp\/v2\/comments?post=950"}],"version-history":[{"count":19,"href":"https:\/\/arminzoghi.com\/index.php\/wp-json\/wp\/v2\/pages\/950\/revisions"}],"predecessor-version":[{"id":992,"href":"https:\/\/arminzoghi.com\/index.php\/wp-json\/wp\/v2\/pages\/950\/revisions\/992"}],"wp:attachment":[{"href":"https:\/\/arminzoghi.com\/index.php\/wp-json\/wp\/v2\/media?parent=950"}],"curies":[{"name":"wp","href":"https:\/\/api.w.org\/{rel}","templated":true}]}}