{"id":881,"date":"2024-10-10T16:57:57","date_gmt":"2024-10-10T14:57:57","guid":{"rendered":"https:\/\/arminzoghi.com\/?page_id=881"},"modified":"2025-03-12T10:34:42","modified_gmt":"2025-03-12T09:34:42","slug":"s-p-s","status":"publish","type":"page","link":"https:\/\/arminzoghi.com\/index.php\/s-p-s\/","title":{"rendered":"Single pulse of subjectivity"},"content":{"rendered":"\n<!DOCTYPE html>\n<html lang=\"en\">\n<head>\n    <meta charset=\"UTF-8\">\n    <meta name=\"viewport\" content=\"width=device-width, initial-scale=1.0\">\n    <title>Responsive Image Gallery<\/title>\n    <!-- Slick CSS -->\n    <link rel=\"stylesheet\" type=\"text\/css\" href=\"https:\/\/cdnjs.cloudflare.com\/ajax\/libs\/slick-carousel\/1.8.1\/slick.min.css\"\/>\n    <link rel=\"stylesheet\" type=\"text\/css\" href=\"https:\/\/cdnjs.cloudflare.com\/ajax\/libs\/slick-carousel\/1.8.1\/slick-theme.min.css\"\/>\n    <style>\n        .image-gallery-container {\n            max-width: 100%; \/* D\u00e9finir la largeur \u00e0 80% *\/\n            margin-left: 0; \/* D\u00e9finir la marge gauche \u00e0 0 *\/\n            margin-right: auto; \/* Centrer horizontalement en fixant la marge droite \u00e0 auto *\/\n            overflow: hidden; \/* Pour \u00e9viter le d\u00e9bordement des \u00e9l\u00e9ments enfants *\/\n        }\n        .image-gallery {\n            max-width: 100%;\n            margin-left: 0; \/* D\u00e9finir la marge gauche \u00e0 0 *\/\n            margin-right: auto; \/* Centrer horizontalement en fixant la marge droite \u00e0 auto *\/\n            overflow: hidden; \/* Pour \u00e9viter le d\u00e9bordement des \u00e9l\u00e9ments enfants *\/\n        }\n        .image-gallery img {\n            width: 100%;\n            height: auto;\n            display: block;\n            position: relative;\n        }\n        .slick-prev, .slick-next {\n            width: 20px;\n            height: 20px;\n            z-index: 2;\n            position: absolute;\n            top: 50%;\n            transform: translateY(-50%);\n        }\n        .slick-prev:before, .slick-next:before {\n            display: none; \/* Cacher les fl\u00e8ches par d\u00e9faut *\/\n        }\n        .slick-prev {\n            left: 10px;\n            border: solid grey;\n            border-width: 0 3px 3px 0;\n            display: inline-block;\n            padding: 5px;\n            transform: rotate(135deg);\n            -webkit-transform: rotate(135deg);\n        }\n        .slick-next {\n            right: 10px;\n            border: solid grey;\n            border-width: 0 3px 3px 0;\n            display: inline-block;\n            padding: 5px;\n            transform: rotate(-45deg);\n            -webkit-transform: rotate(-45deg);\n        \n        }\n    <\/style>\n<\/head>\n<body>\n    <div class=\"image-gallery-container\">\n        <div class=\"image-gallery slick\">\n            <div><img decoding=\"async\" src=\"https:\/\/arminzoghi.com\/wp-content\/uploads\/2024\/10\/01-SPS.jpg\" alt=\"Image 1\"><\/div>\n            <div><img decoding=\"async\" src=\"https:\/\/arminzoghi.com\/wp-content\/uploads\/2024\/10\/02-SPS.jpg\" alt=\"Image 2\"><\/div>\n            <div><img decoding=\"async\" src=\"https:\/\/arminzoghi.com\/wp-content\/uploads\/2024\/10\/03-SPS.jpg\" alt=\"Image 3\"><\/div>\n            <div><img decoding=\"async\" src=\"https:\/\/arminzoghi.com\/wp-content\/uploads\/2024\/10\/04-SPS.jpg\" alt=\"Image 4\"><\/div>\n            <div><img decoding=\"async\" src=\"https:\/\/arminzoghi.com\/wp-content\/uploads\/2024\/10\/05-SPS.jpg\" alt=\"Image 5\"><\/div>            \n            <div><img decoding=\"async\" src=\"https:\/\/arminzoghi.com\/wp-content\/uploads\/2024\/10\/06-SPS.jpg\" alt=\"Image 6\"><\/div>\n            <div><img decoding=\"async\" src=\"https:\/\/arminzoghi.com\/wp-content\/uploads\/2024\/11\/07-SPS.png\" alt=\"Image 7\"><\/div>\n            \n            \n        <\/div>\n    <\/div>\n\n    <!-- jQuery -->\n    <script src=\"https:\/\/code.jquery.com\/jquery-3.6.0.min.js\"><\/script>\n    <!-- Slick JS -->\n    <script type=\"text\/javascript\" src=\"https:\/\/cdnjs.cloudflare.com\/ajax\/libs\/slick-carousel\/1.8.1\/slick.min.js\"><\/script>\n    <script type=\"text\/javascript\">\n        $(document).ready(function(){\n            $('.image-gallery.slick').slick({\n                autoplay: true,\n                autoplaySpeed: 3000,\n                speed: 1300,\n                arrows: true,\n                dots: false\n            });\n        });\n    <\/script>\n<\/body>\n<\/html>\n\n\n\n<div class=\"wp-block-columns is-layout-flex wp-container-core-columns-is-layout-28f84493 wp-block-columns-is-layout-flex\">\n<div class=\"wp-block-column is-layout-flow wp-block-column-is-layout-flow\" style=\"flex-basis:66.66%\">\n<p>Un migrant afghan descend dans les rues de T\u00e9h\u00e9ran. Il pousse un chariot, sur lequel deux moniteurs sont install\u00e9s. On voit les images des paysages qui l\u2019entourent, mais ces paysages identiques \u00e0 la r\u00e9alit\u00e9 sont d\u00e9cal\u00e9s dans le temps et le point de vue.<br><br>Sous quelles influences se construit notre m\u00e9moire, et qu\u2019enregistre-t-elle de notre g\u00e9ographie quotidienne ? Comment interagissent notre environnement et notre perception ? Selon quelles r\u00e9ciprocit\u00e9s et quelles fluctuations ? Cette alt\u00e9ration de ce que l\u2019on per\u00e7oit par l\u2019exp\u00e9rience de ce qui vient \u00e0 nous (au hasard d\u2019une promenade ou d\u2019une r\u00e9flexion) le philosophe William James la nomme \u00ab Flux de conscience \u00bb. Un enchev\u00eatrement perp\u00e9tuel entre les flux de notre conscience et ceux de notre environnement, sensitif et intellectuel.<br><br>Ce projet, vid\u00e9o et performatif, cherche \u00e0 mettre en sc\u00e8ne ces constantes variations de points de vue, au travers d\u2019un dispositif de d\u00e9ambulation dans les rues de T\u00e9h\u00e9ran.<\/p>\n<\/div>\n\n\n\n<div class=\"wp-block-column is-layout-flow wp-block-column-is-layout-flow\" style=\"flex-basis:33.33%\">\n<figure class=\"wp-block-audio\"><audio controls src=\"https:\/\/arminzoghi.com\/wp-content\/uploads\/2024\/11\/09-SPS-ext-dialogue.wav\"><\/audio><figcaption class=\"wp-element-caption\"><em>Extrait sonore<\/em><\/figcaption><\/figure>\n<\/div>\n<\/div>\n\n\n\n<p class=\"has-tiny-font-size\"><\/p>\n\n\n\n<div class=\"wp-block-columns is-layout-flex wp-container-core-columns-is-layout-28f84493 wp-block-columns-is-layout-flex\">\n<div class=\"wp-block-column is-layout-flow wp-block-column-is-layout-flow\" style=\"flex-basis:66.66%\">\n<figure class=\"wp-block-image size-large\"><img fetchpriority=\"high\" decoding=\"async\" width=\"1024\" height=\"576\" src=\"https:\/\/arminzoghi.com\/wp-content\/uploads\/2024\/11\/08-SPS-1024x576.jpg\" alt=\"\" class=\"wp-image-938\" srcset=\"https:\/\/arminzoghi.com\/wp-content\/uploads\/2024\/11\/08-SPS-1024x576.jpg 1024w, https:\/\/arminzoghi.com\/wp-content\/uploads\/2024\/11\/08-SPS-300x169.jpg 300w, https:\/\/arminzoghi.com\/wp-content\/uploads\/2024\/11\/08-SPS-768x432.jpg 768w, https:\/\/arminzoghi.com\/wp-content\/uploads\/2024\/11\/08-SPS-1536x864.jpg 1536w, https:\/\/arminzoghi.com\/wp-content\/uploads\/2024\/11\/08-SPS.jpg 1920w\" sizes=\"(max-width: 1024px) 100vw, 1024px\" \/><\/figure>\n<\/div>\n\n\n\n<div class=\"wp-block-column is-layout-flow wp-block-column-is-layout-flow\" style=\"flex-basis:33.33%\"><\/div>\n<\/div>\n\n\n\n<p>L\u2019accent est mis sur la relation entre la m\u00e9moire et la perception, c\u2019est pour cela que j\u2019ai d\u00e9cid\u00e9 de tourner ces vid\u00e9os, l\u00e0 o\u00f9 j\u2019ai grandi ; j\u2019ai quitt\u00e9 T\u00e9h\u00e9ran fixant dans ma m\u00e9moire les images de la ville telle que je la connaissais alors : ma ville natale. \u00c0 chaque visite se confrontent ma m\u00e9moire et ma perception actuelle. Ce d\u00e9calage entre ces deux \u00e9l\u00e9ments, bouleverse ma perception et d\u00e9forme ma m\u00e9moire, lors de chaque voyage. <br><br>Cette ville est constitu\u00e9e d\u2019une succession de paysages h\u00e9t\u00e9rog\u00e8nes : architecture anarchique, quartiers r\u00e9sidentiels parfois condens\u00e9s en un p\u00e9rim\u00e8tre tr\u00e8s restreint.<\/p>\n\n\n\n<figure class=\"wp-block-embed is-type-video is-provider-vimeo wp-block-embed-vimeo wp-embed-aspect-16-9 wp-has-aspect-ratio\"><div class=\"wp-block-embed__wrapper\">\n<iframe title=\"Single pulse of subjectivity I (extrait d&#039;une installation vid\u00e9o)\" src=\"https:\/\/player.vimeo.com\/video\/251045881?dnt=1&amp;app_id=122963\" width=\"500\" height=\"281\" frameborder=\"0\" allow=\"autoplay; fullscreen; picture-in-picture; clipboard-write; encrypted-media\"><\/iframe>\n<\/div><\/figure>\n\n\n\n<figure class=\"wp-block-pullquote\"><blockquote><p><strong>L\u2019\u00e9quipe artistique et technique<\/strong><br><br><strong>Avec <\/strong>: Ahmad Tajic<br><strong>Camera<\/strong> : Hossein Mohamad Zadeh<br><strong>Direction artistique <\/strong>: Justine Pluvinage<br><strong>Son<\/strong> : Amirhossein Ghassemi<br><strong>Installation<\/strong> : Camille Berthelin<br><strong>Musique<\/strong> : Armin Zoghi<br><strong>Assistante production<\/strong> : Aida Zoghi<br><strong><br>Coproduction : <\/strong>Espace Crois\u00e9, la malterie<strong><br><\/strong>avec le soutien du minist\u00e8re des Affaires \u00e9trang\u00e8res,<br>de la DRAC Hauts-de-France et de la R\u00e9gion Hauts-de-France <br><\/p><\/blockquote><\/figure>\n","protected":false},"excerpt":{"rendered":"<p>Responsive Image Gallery Un migrant afghan descend dans les rues de T\u00e9h\u00e9ran. Il pousse un chariot, sur lequel deux moniteurs sont install\u00e9s. On voit les images des paysages qui l\u2019entourent, mais ces paysages identiques \u00e0 la r\u00e9alit\u00e9 sont d\u00e9cal\u00e9s dans le temps et le point de vue. Sous quelles influences se construit notre m\u00e9moire, et [&hellip;]<\/p>\n","protected":false},"author":1,"featured_media":0,"parent":0,"menu_order":0,"comment_status":"closed","ping_status":"closed","template":"","meta":{"footnotes":""},"class_list":["post-881","page","type-page","status-publish","hentry"],"_links":{"self":[{"href":"https:\/\/arminzoghi.com\/index.php\/wp-json\/wp\/v2\/pages\/881","targetHints":{"allow":["GET"]}}],"collection":[{"href":"https:\/\/arminzoghi.com\/index.php\/wp-json\/wp\/v2\/pages"}],"about":[{"href":"https:\/\/arminzoghi.com\/index.php\/wp-json\/wp\/v2\/types\/page"}],"author":[{"embeddable":true,"href":"https:\/\/arminzoghi.com\/index.php\/wp-json\/wp\/v2\/users\/1"}],"replies":[{"embeddable":true,"href":"https:\/\/arminzoghi.com\/index.php\/wp-json\/wp\/v2\/comments?post=881"}],"version-history":[{"count":41,"href":"https:\/\/arminzoghi.com\/index.php\/wp-json\/wp\/v2\/pages\/881\/revisions"}],"predecessor-version":[{"id":1211,"href":"https:\/\/arminzoghi.com\/index.php\/wp-json\/wp\/v2\/pages\/881\/revisions\/1211"}],"wp:attachment":[{"href":"https:\/\/arminzoghi.com\/index.php\/wp-json\/wp\/v2\/media?parent=881"}],"curies":[{"name":"wp","href":"https:\/\/api.w.org\/{rel}","templated":true}]}}