{"id":249,"date":"2024-05-17T16:20:33","date_gmt":"2024-05-17T14:20:33","guid":{"rendered":"https:\/\/arminzoghi.com\/?page_id=249"},"modified":"2025-09-19T07:27:59","modified_gmt":"2025-09-19T05:27:59","slug":"recherche-1","status":"publish","type":"page","link":"https:\/\/arminzoghi.com\/index.php\/recherche-1\/","title":{"rendered":"recherches"},"content":{"rendered":"\n<div class=\"wp-block-columns is-layout-flex wp-container-core-columns-is-layout-28f84493 wp-block-columns-is-layout-flex\">\n<div class=\"wp-block-column is-layout-flow wp-block-column-is-layout-flow\" style=\"flex-basis:66.66%\">\n<p>Ici se trouvent des archives de projets en cours, de projets \u00e9chou\u00e9s ou non termin\u00e9s pour des raisons \u00e9conomiques ou politiques. Des images qui me poursuivent, stock\u00e9es sur le cloud ou sur des disques durs.<br>Ces archives repr\u00e9sentent non seulement des fragments de mon parcours, mais aussi des t\u00e9moignages des d\u00e9fis rencontr\u00e9s et des chemins inexplor\u00e9s. Chaque projet abandonn\u00e9, raconte une histoire de compromis et de renoncement.<\/p>\n<\/div>\n\n\n\n<div class=\"wp-block-column is-layout-flow wp-block-column-is-layout-flow\" style=\"flex-basis:33.33%\"><\/div>\n<\/div>\n\n\n\n<figure class=\"wp-block-image size-large\"><img fetchpriority=\"high\" decoding=\"async\" width=\"1024\" height=\"768\" src=\"https:\/\/arminzoghi.com\/wp-content\/uploads\/2025\/02\/Recherche-01-1024x768.jpg\" alt=\"\" class=\"wp-image-1145\" srcset=\"https:\/\/arminzoghi.com\/wp-content\/uploads\/2025\/02\/Recherche-01-1024x768.jpg 1024w, https:\/\/arminzoghi.com\/wp-content\/uploads\/2025\/02\/Recherche-01-300x225.jpg 300w, https:\/\/arminzoghi.com\/wp-content\/uploads\/2025\/02\/Recherche-01-768x576.jpg 768w, https:\/\/arminzoghi.com\/wp-content\/uploads\/2025\/02\/Recherche-01-1536x1152.jpg 1536w, https:\/\/arminzoghi.com\/wp-content\/uploads\/2025\/02\/Recherche-01.jpg 1920w\" sizes=\"(max-width: 1024px) 100vw, 1024px\" \/><figcaption class=\"wp-element-caption\"><em>\u00ab\u00a0Sans titre\u00a0\u00bb, photo sur papier Dos Bleu, 120x90cm<\/em><\/figcaption><\/figure>\n","protected":false},"excerpt":{"rendered":"<p>Ici se trouvent des archives de projets en cours, de projets \u00e9chou\u00e9s ou non termin\u00e9s pour des raisons \u00e9conomiques ou politiques. Des images qui me poursuivent, stock\u00e9es sur le cloud ou sur des disques durs.Ces archives repr\u00e9sentent non seulement des fragments de mon parcours, mais aussi des t\u00e9moignages des d\u00e9fis rencontr\u00e9s et des chemins inexplor\u00e9s. [&hellip;]<\/p>\n","protected":false},"author":1,"featured_media":0,"parent":0,"menu_order":0,"comment_status":"closed","ping_status":"closed","template":"","meta":{"footnotes":""},"class_list":["post-249","page","type-page","status-publish","hentry"],"_links":{"self":[{"href":"https:\/\/arminzoghi.com\/index.php\/wp-json\/wp\/v2\/pages\/249","targetHints":{"allow":["GET"]}}],"collection":[{"href":"https:\/\/arminzoghi.com\/index.php\/wp-json\/wp\/v2\/pages"}],"about":[{"href":"https:\/\/arminzoghi.com\/index.php\/wp-json\/wp\/v2\/types\/page"}],"author":[{"embeddable":true,"href":"https:\/\/arminzoghi.com\/index.php\/wp-json\/wp\/v2\/users\/1"}],"replies":[{"embeddable":true,"href":"https:\/\/arminzoghi.com\/index.php\/wp-json\/wp\/v2\/comments?post=249"}],"version-history":[{"count":8,"href":"https:\/\/arminzoghi.com\/index.php\/wp-json\/wp\/v2\/pages\/249\/revisions"}],"predecessor-version":[{"id":1199,"href":"https:\/\/arminzoghi.com\/index.php\/wp-json\/wp\/v2\/pages\/249\/revisions\/1199"}],"wp:attachment":[{"href":"https:\/\/arminzoghi.com\/index.php\/wp-json\/wp\/v2\/media?parent=249"}],"curies":[{"name":"wp","href":"https:\/\/api.w.org\/{rel}","templated":true}]}}