{"id":213,"date":"2024-05-17T12:36:48","date_gmt":"2024-05-17T10:36:48","guid":{"rendered":"https:\/\/arminzoghi.com\/?page_id=213"},"modified":"2025-02-27T15:33:51","modified_gmt":"2025-02-27T14:33:51","slug":"au-secours-je-suis-artist","status":"publish","type":"page","link":"https:\/\/arminzoghi.com\/index.php\/au-secours-je-suis-artist\/","title":{"rendered":"Au secours je suis artiste"},"content":{"rendered":"\n<div class=\"wp-block-media-text is-stacked-on-mobile\"><figure class=\"wp-block-media-text__media\"><img fetchpriority=\"high\" decoding=\"async\" width=\"1024\" height=\"710\" src=\"https:\/\/arminzoghi.com\/wp-content\/uploads\/2024\/07\/Au-secours-01-1024x710.png\" alt=\"\" class=\"wp-image-849 size-full\" srcset=\"https:\/\/arminzoghi.com\/wp-content\/uploads\/2024\/07\/Au-secours-01-1024x710.png 1024w, https:\/\/arminzoghi.com\/wp-content\/uploads\/2024\/07\/Au-secours-01-300x208.png 300w, https:\/\/arminzoghi.com\/wp-content\/uploads\/2024\/07\/Au-secours-01-768x532.png 768w, https:\/\/arminzoghi.com\/wp-content\/uploads\/2024\/07\/Au-secours-01-1536x1065.png 1536w, https:\/\/arminzoghi.com\/wp-content\/uploads\/2024\/07\/Au-secours-01.png 1548w\" sizes=\"(max-width: 1024px) 100vw, 1024px\" \/><\/figure><div class=\"wp-block-media-text__content\">\n<div style=\"height:202px\" aria-hidden=\"true\" class=\"wp-block-spacer\"><\/div>\n\n\n\n<p>Une web-s\u00e9rie au service des artistes-auteur.rice.s.<br><em>Au secours je suis artiste<\/em>\u00a0est une web-s\u00e9rie qui a pour objectif d\u2019accompagner les artistes et auteur.rice.s dans la compr\u00e9hension de leurs d\u00e9marches administratives professionnelles.<\/p>\n<\/div><\/div>\n\n\n\n<div style=\"height:30px\" aria-hidden=\"true\" class=\"wp-block-spacer\"><\/div>\n\n\n\n<figure class=\"wp-block-embed is-type-video is-provider-youtube wp-block-embed-youtube wp-embed-aspect-16-9 wp-has-aspect-ratio\"><div class=\"wp-block-embed__wrapper\">\n<iframe title=\"Episode 18 : \u00e7a implique quoi de cr\u00e9er une \u0153uvre \u00e0 plusieurs ?\" width=\"500\" height=\"281\" src=\"https:\/\/www.youtube.com\/embed\/PEgUPprFNWY?feature=oembed\" frameborder=\"0\" allow=\"accelerometer; autoplay; clipboard-write; encrypted-media; gyroscope; picture-in-picture; web-share\" referrerpolicy=\"strict-origin-when-cross-origin\" allowfullscreen><\/iframe>\n<\/div><\/figure>\n\n\n\n<p class=\"has-foreground-color has-text-color has-link-color wp-elements-733a31a20061eeb2b9195df47851bc04\">Depuis 2016, je suis engag\u00e9 dans cette collaboration harmonieuse avec maze (agence de conseil et de formation dans le domaine de la gestion administrative des activit\u00e9s des arts visuels), et nous avons r\u00e9alis\u00e9 jusqu&rsquo;\u00e0 pr\u00e9sent 19 \u00e9pisodes. Pour voir ces \u00e9pisodes et en savoir plus, voici le lien : <a href=\"https:\/\/www.maze-conseils.com\/web-serie\/\">maze Web S\u00e9rie<\/a>.<\/p>\n\n\n\n<figure class=\"wp-block-pullquote\"><blockquote><p><br><strong>L\u2019\u00e9quipe artistique et technique<\/strong><br><br><strong>Cr\u00e9atrices :\u00a0<\/strong>Mathilde Ehret-Zoghi et L\u00e9onie Young<br><strong>Texte :<\/strong>\u00a0Mathilde Ehret-Zoghi<br><strong>Cr\u00e9ation graphique :<\/strong>\u00a0L\u00e9onie Young<br><strong>R\u00e9alisation :<\/strong>\u00a0Armin Zoghi<br><strong>Cr\u00e9ation sonore et mixage :<\/strong>\u00a0Julien Puyau<br><strong>Voix :<\/strong>\u00a0Gr\u00e9gory Buchert<br><strong>Production<\/strong> : maze, en partenariat avec le CNAP.<\/p><\/blockquote><\/figure>\n","protected":false},"excerpt":{"rendered":"<p>Depuis 2016, je suis engag\u00e9 dans cette collaboration harmonieuse avec maze (agence de conseil et de formation dans le domaine de la gestion administrative des activit\u00e9s des arts visuels), et nous avons r\u00e9alis\u00e9 jusqu&rsquo;\u00e0 pr\u00e9sent 19 \u00e9pisodes. Pour voir ces \u00e9pisodes et en savoir plus, voici le lien : maze Web S\u00e9rie. L\u2019\u00e9quipe artistique et [&hellip;]<\/p>\n","protected":false},"author":1,"featured_media":0,"parent":0,"menu_order":0,"comment_status":"closed","ping_status":"closed","template":"","meta":{"footnotes":""},"class_list":["post-213","page","type-page","status-publish","hentry"],"_links":{"self":[{"href":"https:\/\/arminzoghi.com\/index.php\/wp-json\/wp\/v2\/pages\/213","targetHints":{"allow":["GET"]}}],"collection":[{"href":"https:\/\/arminzoghi.com\/index.php\/wp-json\/wp\/v2\/pages"}],"about":[{"href":"https:\/\/arminzoghi.com\/index.php\/wp-json\/wp\/v2\/types\/page"}],"author":[{"embeddable":true,"href":"https:\/\/arminzoghi.com\/index.php\/wp-json\/wp\/v2\/users\/1"}],"replies":[{"embeddable":true,"href":"https:\/\/arminzoghi.com\/index.php\/wp-json\/wp\/v2\/comments?post=213"}],"version-history":[{"count":19,"href":"https:\/\/arminzoghi.com\/index.php\/wp-json\/wp\/v2\/pages\/213\/revisions"}],"predecessor-version":[{"id":871,"href":"https:\/\/arminzoghi.com\/index.php\/wp-json\/wp\/v2\/pages\/213\/revisions\/871"}],"wp:attachment":[{"href":"https:\/\/arminzoghi.com\/index.php\/wp-json\/wp\/v2\/media?parent=213"}],"curies":[{"name":"wp","href":"https:\/\/api.w.org\/{rel}","templated":true}]}}