{"id":1233,"date":"2025-03-19T10:22:32","date_gmt":"2025-03-19T09:22:32","guid":{"rendered":"https:\/\/arminzoghi.com\/?page_id=1233"},"modified":"2025-03-19T10:38:47","modified_gmt":"2025-03-19T09:38:47","slug":"entre-deux","status":"publish","type":"page","link":"https:\/\/arminzoghi.com\/index.php\/entre-deux\/","title":{"rendered":"Entre Deux"},"content":{"rendered":"\n<figure class=\"wp-block-image size-full\"><img fetchpriority=\"high\" decoding=\"async\" width=\"675\" height=\"450\" src=\"https:\/\/arminzoghi.com\/wp-content\/uploads\/2025\/03\/Entre-deux01.jpg\" alt=\"\" class=\"wp-image-1234\" srcset=\"https:\/\/arminzoghi.com\/wp-content\/uploads\/2025\/03\/Entre-deux01.jpg 675w, https:\/\/arminzoghi.com\/wp-content\/uploads\/2025\/03\/Entre-deux01-300x200.jpg 300w\" sizes=\"(max-width: 675px) 100vw, 675px\" \/><\/figure>\n\n\n\n<div class=\"wp-block-columns is-layout-flex wp-container-core-columns-is-layout-28f84493 wp-block-columns-is-layout-flex\">\n<div class=\"wp-block-column is-layout-flow wp-block-column-is-layout-flow\" style=\"flex-basis:66.66%\">\n<p>Le projet \u00ab Entre-deux \u00bb place dans une position centrale un ballon, qui se meut de fa\u00e7on al\u00e9atoire et refl\u00e8te une sc\u00e8ne prenant place dans l\u2019espace confin\u00e9 et artificiel du m\u00e9tro.<\/p>\n\n\n\n<p>Elle questionne notre perception des moments r\u00e9p\u00e9titifs de la vie quotidienne, sont-ils des temps de latence, de vide ou au contraire des temps propices \u00e0 l\u2019introspection, \u00e0 l\u2019analyse, \u00e0 la r\u00e9flexion et la r\u00eaverie ?<\/p>\n\n\n\n<p>La seule \u00ab vraie \u00bb r\u00e9alit\u00e9, semble-t-il, serait subjective. L\u2019objectivit\u00e9 doit donc faire place. \u00ab le monde est ma repr\u00e9sentation \u00bb, dit de son c\u00f4t\u00e9 Heidegger.<\/p>\n<\/div>\n\n\n\n<div class=\"wp-block-column is-layout-flow wp-block-column-is-layout-flow\" style=\"flex-basis:33.33%\"><\/div>\n<\/div>\n\n\n\n<div class=\"wp-block-columns is-layout-flex wp-container-core-columns-is-layout-28f84493 wp-block-columns-is-layout-flex\">\n<div class=\"wp-block-column is-layout-flow wp-block-column-is-layout-flow\" style=\"flex-basis:33.33%\"><\/div>\n\n\n\n<div class=\"wp-block-column is-layout-flow wp-block-column-is-layout-flow\" style=\"flex-basis:66.66%\">\n<figure class=\"wp-block-image size-full\"><img decoding=\"async\" width=\"675\" height=\"450\" src=\"https:\/\/arminzoghi.com\/wp-content\/uploads\/2025\/03\/Entre-deux02.jpg\" alt=\"\" class=\"wp-image-1239\" srcset=\"https:\/\/arminzoghi.com\/wp-content\/uploads\/2025\/03\/Entre-deux02.jpg 675w, https:\/\/arminzoghi.com\/wp-content\/uploads\/2025\/03\/Entre-deux02-300x200.jpg 300w\" sizes=\"(max-width: 675px) 100vw, 675px\" \/><\/figure>\n<\/div>\n<\/div>\n\n\n\n<div class=\"wp-block-columns is-layout-flex wp-container-core-columns-is-layout-28f84493 wp-block-columns-is-layout-flex\">\n<div class=\"wp-block-column is-layout-flow wp-block-column-is-layout-flow\">\n<figure class=\"wp-block-embed is-type-video is-provider-vimeo wp-block-embed-vimeo wp-embed-aspect-16-9 wp-has-aspect-ratio\"><div class=\"wp-block-embed__wrapper\">\n<iframe title=\"Entre-deux\" src=\"https:\/\/player.vimeo.com\/video\/209744917?dnt=1&amp;app_id=122963\" width=\"500\" height=\"281\" frameborder=\"0\" allow=\"autoplay; fullscreen; picture-in-picture; clipboard-write; encrypted-media\"><\/iframe>\n<\/div><\/figure>\n<\/div>\n<\/div>\n\n\n\n<figure class=\"wp-block-pullquote\"><blockquote><p><strong>L\u2019\u00e9quipe artistique et technique<\/strong><br><br><strong>Commissaires :\u00a0<\/strong>\u00a0Fabien Marquez<br><strong>Production<\/strong>\u00a0: <em>La Confection Id\u00e9ale<\/em>, Emmanuel Brillard\u00a0<br><strong>Assistants production<\/strong> : Th\u00e9o Romain, Benjamin Caron<\/p><\/blockquote><\/figure>\n\n\n\n<p><\/p>\n","protected":false},"excerpt":{"rendered":"<p>Le projet \u00ab Entre-deux \u00bb place dans une position centrale un ballon, qui se meut de fa\u00e7on al\u00e9atoire et refl\u00e8te une sc\u00e8ne prenant place dans l\u2019espace confin\u00e9 et artificiel du m\u00e9tro. Elle questionne notre perception des moments r\u00e9p\u00e9titifs de la vie quotidienne, sont-ils des temps de latence, de vide ou au contraire des temps propices [&hellip;]<\/p>\n","protected":false},"author":1,"featured_media":0,"parent":0,"menu_order":0,"comment_status":"closed","ping_status":"closed","template":"","meta":{"footnotes":""},"class_list":["post-1233","page","type-page","status-publish","hentry"],"_links":{"self":[{"href":"https:\/\/arminzoghi.com\/index.php\/wp-json\/wp\/v2\/pages\/1233","targetHints":{"allow":["GET"]}}],"collection":[{"href":"https:\/\/arminzoghi.com\/index.php\/wp-json\/wp\/v2\/pages"}],"about":[{"href":"https:\/\/arminzoghi.com\/index.php\/wp-json\/wp\/v2\/types\/page"}],"author":[{"embeddable":true,"href":"https:\/\/arminzoghi.com\/index.php\/wp-json\/wp\/v2\/users\/1"}],"replies":[{"embeddable":true,"href":"https:\/\/arminzoghi.com\/index.php\/wp-json\/wp\/v2\/comments?post=1233"}],"version-history":[{"count":6,"href":"https:\/\/arminzoghi.com\/index.php\/wp-json\/wp\/v2\/pages\/1233\/revisions"}],"predecessor-version":[{"id":1244,"href":"https:\/\/arminzoghi.com\/index.php\/wp-json\/wp\/v2\/pages\/1233\/revisions\/1244"}],"wp:attachment":[{"href":"https:\/\/arminzoghi.com\/index.php\/wp-json\/wp\/v2\/media?parent=1233"}],"curies":[{"name":"wp","href":"https:\/\/api.w.org\/{rel}","templated":true}]}}